{"id":10783,"date":"2023-06-16T13:43:58","date_gmt":"2023-06-16T11:43:58","guid":{"rendered":"https:\/\/amministrazionetrasparente.uniroma2.it\/?page_id=10783"},"modified":"2023-06-29T14:05:37","modified_gmt":"2023-06-29T12:05:37","slug":"dichiarazione-inconferibilita-e-incompatibilita","status":"publish","type":"page","link":"https:\/\/amministrazionetrasparente.uniroma2.it\/?page_id=10783","title":{"rendered":"Dichiarazione inconferibilit\u00e0 e incompatibilit\u00e0"},"content":{"rendered":"<p><a href=\"http:\/\/amministrazionetrasparente.uniroma2.it\/wp-content\/uploads\/2023\/06\/sqINCONF-INCOMP-2022.pdf\">Dichiarazione inconferibilit\u00e0 e incompatibilit\u00e0 2022<\/a><\/p>\n<p><a href=\"http:\/\/amministrazionetrasparente.uniroma2.it\/wp-content\/uploads\/2022\/10\/Dichiarazione-Inconferibilita-e-incompatibilita1.pdf\">Dichiarazione inconferibilit\u00e0 e incompatibilit\u00e0 2021<\/a><\/p>\n<p><a href=\"http:\/\/amministrazionetrasparente.uniroma2.it\/wp-content\/uploads\/2022\/10\/Silvia-dichiarazioni-2020.pdf\">Dichiarazione inconferibilit\u00e0 e incompatibilit\u00e0 2020<\/a><\/p>\n","protected":false},"excerpt":{"rendered":"<p>Dichiarazione inconferibilit\u00e0 e incompatibilit\u00e0 2022 Dichiarazione inconferibilit\u00e0 e incompatibilit\u00e0 2021 Dichiarazione inconferibilit\u00e0 e incompatibilit\u00e0 2020<\/p>\n","protected":false},"author":1001013,"featured_media":0,"parent":0,"menu_order":0,"comment_status":"closed","ping_status":"closed","template":"","meta":{"footnotes":""},"class_list":["post-10783","page","type-page","status-publish","hentry"],"_links":{"self":[{"href":"https:\/\/amministrazionetrasparente.uniroma2.it\/index.php?rest_route=\/wp\/v2\/pages\/10783","targetHints":{"allow":["GET"]}}],"collection":[{"href":"https:\/\/amministrazionetrasparente.uniroma2.it\/index.php?rest_route=\/wp\/v2\/pages"}],"about":[{"href":"https:\/\/amministrazionetrasparente.uniroma2.it\/index.php?rest_route=\/wp\/v2\/types\/page"}],"author":[{"embeddable":true,"href":"https:\/\/amministrazionetrasparente.uniroma2.it\/index.php?rest_route=\/wp\/v2\/users\/1001013"}],"replies":[{"embeddable":true,"href":"https:\/\/amministrazionetrasparente.uniroma2.it\/index.php?rest_route=%2Fwp%2Fv2%2Fcomments&post=10783"}],"version-history":[{"count":4,"href":"https:\/\/amministrazionetrasparente.uniroma2.it\/index.php?rest_route=\/wp\/v2\/pages\/10783\/revisions"}],"predecessor-version":[{"id":10849,"href":"https:\/\/amministrazionetrasparente.uniroma2.it\/index.php?rest_route=\/wp\/v2\/pages\/10783\/revisions\/10849"}],"wp:attachment":[{"href":"https:\/\/amministrazionetrasparente.uniroma2.it\/index.php?rest_route=%2Fwp%2Fv2%2Fmedia&parent=10783"}],"curies":[{"name":"wp","href":"https:\/\/api.w.org\/{rel}","templated":true}]}}