{"id":11551,"date":"2025-02-11T11:32:19","date_gmt":"2025-02-11T10:32:19","guid":{"rendered":"https:\/\/amministrazionetrasparente.uniroma2.it\/?page_id=11551"},"modified":"2025-07-03T09:00:09","modified_gmt":"2025-07-03T07:00:09","slug":"prof-valerio-cervelli","status":"publish","type":"page","link":"https:\/\/amministrazionetrasparente.uniroma2.it\/?page_id=11551","title":{"rendered":"Prof. Valerio Cervelli"},"content":{"rendered":"<h1>Direttore del dipartimento di Scienze Chirurgiche<\/h1>\n<h1><\/h1>\n<h1><a href=\"http:\/\/amministrazionetrasparente.uniroma2.it\/wp-content\/uploads\/2025\/02\/cv-breve-2024-prof.Cervelli.pdf\">Curriculum vitae<\/a><\/h1>\n<p>&nbsp;<\/p>\n<p><strong>Spese per missioni<\/strong><br \/>\n<a href=\"http:\/\/amministrazionetrasparente.uniroma2.it\/wp-content\/uploads\/2025\/07\/MISSIONI-2024.pdf\">Missioni 2024<\/a><\/p>\n<p><strong>Dichiarazioni altre cariche ed incarichi<\/strong><br \/>\n<a href=\"http:\/\/amministrazionetrasparente.uniroma2.it\/wp-content\/uploads\/2025\/07\/ALTRE-CARICHE-2024_Redacted.pdf\">Incarichi 2024<\/a><strong><br \/>\n<\/strong><\/p>\n<p><strong>Dichiarazione di inconferibilit\u00e0 e incompatibilit\u00e0<\/strong><br \/>\n<a href=\"http:\/\/amministrazionetrasparente.uniroma2.it\/wp-content\/uploads\/2025\/07\/INCOMPATIBILITA2024_Redacted.pdf\">Inconferibilit\u00e0 e incompatibilit\u00e0 2024<\/a><\/p>\n","protected":false},"excerpt":{"rendered":"<p>Direttore del dipartimento di Scienze Chirurgiche Curriculum vitae &nbsp; Spese per missioni Missioni 2024 Dichiarazioni altre cariche ed incarichi Incarichi 2024 Dichiarazione di inconferibilit\u00e0 e incompatibilit\u00e0 Inconferibilit\u00e0 e incompatibilit\u00e0 2024<\/p>\n","protected":false},"author":1001013,"featured_media":0,"parent":0,"menu_order":0,"comment_status":"closed","ping_status":"closed","template":"","meta":{"footnotes":""},"class_list":["post-11551","page","type-page","status-publish","hentry"],"_links":{"self":[{"href":"https:\/\/amministrazionetrasparente.uniroma2.it\/index.php?rest_route=\/wp\/v2\/pages\/11551","targetHints":{"allow":["GET"]}}],"collection":[{"href":"https:\/\/amministrazionetrasparente.uniroma2.it\/index.php?rest_route=\/wp\/v2\/pages"}],"about":[{"href":"https:\/\/amministrazionetrasparente.uniroma2.it\/index.php?rest_route=\/wp\/v2\/types\/page"}],"author":[{"embeddable":true,"href":"https:\/\/amministrazionetrasparente.uniroma2.it\/index.php?rest_route=\/wp\/v2\/users\/1001013"}],"replies":[{"embeddable":true,"href":"https:\/\/amministrazionetrasparente.uniroma2.it\/index.php?rest_route=%2Fwp%2Fv2%2Fcomments&post=11551"}],"version-history":[{"count":3,"href":"https:\/\/amministrazionetrasparente.uniroma2.it\/index.php?rest_route=\/wp\/v2\/pages\/11551\/revisions"}],"predecessor-version":[{"id":11799,"href":"https:\/\/amministrazionetrasparente.uniroma2.it\/index.php?rest_route=\/wp\/v2\/pages\/11551\/revisions\/11799"}],"wp:attachment":[{"href":"https:\/\/amministrazionetrasparente.uniroma2.it\/index.php?rest_route=%2Fwp%2Fv2%2Fmedia&parent=11551"}],"curies":[{"name":"wp","href":"https:\/\/api.w.org\/{rel}","templated":true}]}}