{"id":158,"date":"2013-05-07T11:58:39","date_gmt":"2013-05-07T09:58:39","guid":{"rendered":"http:\/\/trasparenza.test.uniroma2.it\/?page_id=158"},"modified":"2025-07-03T08:19:23","modified_gmt":"2025-07-03T06:19:23","slug":"incarichi-amministrativi-di-vertice","status":"publish","type":"page","link":"https:\/\/amministrazionetrasparente.uniroma2.it\/?page_id=158","title":{"rendered":"Titolari di incarichi dirigenziali amministrativi di vertice"},"content":{"rendered":"<p>Dati relativi all&#8217;incarico conferito alla<strong>\u00a0<\/strong>Direttrice Generale<strong>: Silvia Quattrociocche\u00a0<\/strong><\/p>\n<p><a href=\"http:\/\/amministrazionetrasparente.uniroma2.it\/wp-content\/uploads\/2023\/05\/curriculum-vitae.pdf\"><strong>curriculum vitae<\/strong><\/a><\/p>\n<table border=\"1\" width=\"574\">\n<tbody>\n<tr>\n<td><a href=\"http:\/\/amministrazionetrasparente.uniroma2.it\/wp-content\/uploads\/2025\/07\/SILVIA-RETRIBUZIONE-SETT-DIC-2021.pdf\">Retribuzione 2021<\/a><\/p>\n<p><a href=\"http:\/\/amministrazionetrasparente.uniroma2.it\/wp-content\/uploads\/2025\/07\/SILVIA-RETRIBUZIONE-2022.pdf\">Retribuzione 2022<\/a><\/p>\n<p><a href=\"http:\/\/amministrazionetrasparente.uniroma2.it\/wp-content\/uploads\/2025\/07\/SILVIA-RETRIIBUZIONE-2023.pdf\">Retribuzione 2023<\/a><\/p>\n<p><a href=\"http:\/\/amministrazionetrasparente.uniroma2.it\/wp-content\/uploads\/2025\/07\/SILVIA-RETRIBUZIONE-2024.pdf\">Retribuzione 2024<\/a><\/td>\n<\/tr>\n<tr>\n<td width=\"107\"><a href=\"http:\/\/amministrazionetrasparente.uniroma2.it\/wp-content\/uploads\/2023\/11\/Copia-conforme-10_1_signed-nomina-DG-1.pdf\">Atto di conferimento<\/a><\/td>\n<\/tr>\n<tr>\n<td width=\"107\"><a href=\"http:\/\/amministrazionetrasparente.uniroma2.it\/wp-content\/uploads\/2025\/07\/inconferibilita-Silvia-2023.pdf\">Dichiarazioni inconferibilit\u00e0 e incompatibilit\u00e0 2023<\/a><a href=\"http:\/\/amministrazionetrasparente.uniroma2.it\/wp-content\/uploads\/2013\/05\/art-20-Colpani.pdf\"><br \/>\n<\/a><\/p>\n<p><a href=\"http:\/\/amministrazionetrasparente.uniroma2.it\/wp-content\/uploads\/2025\/07\/inconeribilita-Silvia-2024.pdf\">Dichiarazioni inconferibilit\u00e0 e incompatibilit\u00e0 2024<\/a><\/p>\n<p><a href=\"http:\/\/amministrazionetrasparente.uniroma2.it\/wp-content\/uploads\/2025\/07\/inconferibilita-Silvia-2025.pdf\">Dichiarazioni inconferibilit\u00e0 e incompatibilit\u00e0 2025<\/a><\/td>\n<\/tr>\n<tr>\n<td width=\"107\"><a href=\"http:\/\/amministrazionetrasparente.uniroma2.it\/wp-content\/uploads\/2025\/07\/atre-cariche-Silvia-2023.pdf\">Dichiarazione altre cariche e incarichi\u00a0 2023<\/a><a href=\"http:\/\/amministrazionetrasparente.uniroma2.it\/wp-content\/uploads\/2013\/05\/Colpani-Art-14-DL-33-2013.pdf\"><br \/>\n<\/a><\/p>\n<p><a href=\"http:\/\/amministrazionetrasparente.uniroma2.it\/wp-content\/uploads\/2025\/07\/altre-cariche-Silvia-2024.pdf\">Dichiarazione altre cariche e incarichi\u00a0 2024<\/a><\/p>\n<p><a href=\"http:\/\/amministrazionetrasparente.uniroma2.it\/wp-content\/uploads\/2025\/07\/altre-cariche-Silvia-2025.pdf\">Dichiarazione altre cariche e incarichi\u00a0 2025<\/a><\/td>\n<\/tr>\n<tr>\n<td width=\"107\"><a href=\"https:\/\/amministrazionetrasparente.uniroma2.it\/?page_id=10775\">Spese per missioni<\/a><\/td>\n<\/tr>\n<\/tbody>\n<\/table>\n<p><a href=\"https:\/\/amministrazionetrasparente.uniroma2.it\/?page_id=10825&amp;preview=true&amp;aiEnableCheckShortcode=true\">Dichiarazione sulla situazione patrimoniale e reddituale<\/a><\/p>\n<hr \/>\n<p><strong><a href=\"http:\/\/amministrazionetrasparente.uniroma2.it\/?page_id=9053\">ARCHIVIO-Titolari di incarichi dirigenziali amministrativi di vertice<\/a><\/strong><\/p>\n","protected":false},"excerpt":{"rendered":"<p>Dati relativi all&#8217;incarico conferito alla\u00a0Direttrice Generale: Silvia Quattrociocche\u00a0 curriculum vitae Retribuzione 2021 Retribuzione 2022 Retribuzione 2023 Retribuzione 2024 Atto di conferimento Dichiarazioni inconferibilit\u00e0 e incompatibilit\u00e0 2023 Dichiarazioni inconferibilit\u00e0 e incompatibilit\u00e0 2024 Dichiarazioni inconferibilit\u00e0 e incompatibilit\u00e0 2025 Dichiarazione altre cariche e &hellip; <a href=\"https:\/\/amministrazionetrasparente.uniroma2.it\/?page_id=158\">Continua a leggere<span class=\"meta-nav\">&rarr;<\/span><\/a><\/p>\n","protected":false},"author":1,"featured_media":0,"parent":156,"menu_order":0,"comment_status":"closed","ping_status":"closed","template":"sidebar-page.php","meta":{"footnotes":""},"class_list":["post-158","page","type-page","status-publish","hentry"],"_links":{"self":[{"href":"https:\/\/amministrazionetrasparente.uniroma2.it\/index.php?rest_route=\/wp\/v2\/pages\/158","targetHints":{"allow":["GET"]}}],"collection":[{"href":"https:\/\/amministrazionetrasparente.uniroma2.it\/index.php?rest_route=\/wp\/v2\/pages"}],"about":[{"href":"https:\/\/amministrazionetrasparente.uniroma2.it\/index.php?rest_route=\/wp\/v2\/types\/page"}],"author":[{"embeddable":true,"href":"https:\/\/amministrazionetrasparente.uniroma2.it\/index.php?rest_route=\/wp\/v2\/users\/1"}],"replies":[{"embeddable":true,"href":"https:\/\/amministrazionetrasparente.uniroma2.it\/index.php?rest_route=%2Fwp%2Fv2%2Fcomments&post=158"}],"version-history":[{"count":105,"href":"https:\/\/amministrazionetrasparente.uniroma2.it\/index.php?rest_route=\/wp\/v2\/pages\/158\/revisions"}],"predecessor-version":[{"id":11789,"href":"https:\/\/amministrazionetrasparente.uniroma2.it\/index.php?rest_route=\/wp\/v2\/pages\/158\/revisions\/11789"}],"up":[{"embeddable":true,"href":"https:\/\/amministrazionetrasparente.uniroma2.it\/index.php?rest_route=\/wp\/v2\/pages\/156"}],"wp:attachment":[{"href":"https:\/\/amministrazionetrasparente.uniroma2.it\/index.php?rest_route=%2Fwp%2Fv2%2Fmedia&parent=158"}],"curies":[{"name":"wp","href":"https:\/\/api.w.org\/{rel}","templated":true}]}}