{"id":169,"date":"2013-05-07T12:36:14","date_gmt":"2013-05-07T10:36:14","guid":{"rendered":"http:\/\/trasparenza.test.uniroma2.it\/?page_id=169"},"modified":"2026-02-04T11:19:34","modified_gmt":"2026-02-04T10:19:34","slug":"piano-della-performance","status":"publish","type":"page","link":"https:\/\/amministrazionetrasparente.uniroma2.it\/?page_id=169","title":{"rendered":"Piano della Performance"},"content":{"rendered":"<h4><a href=\"http:\/\/amministrazionetrasparente.uniroma2.it\/wp-content\/uploads\/2026\/02\/PIAO-2026-2028-1.pdf\"><strong>Piano Integrato di Attivit\u00e0 e Organizzazione (PIAO) 2026 &#8211; 2028<\/strong><\/a>\u00a0e <a href=\"http:\/\/amministrazionetrasparente.uniroma2.it\/wp-content\/uploads\/2026\/02\/Allegati-Tecnici-PIAO-2026-2028.pdf\">Allegati Tecnici<\/a><\/h4>\n<h4>approvato\u00a0 dal Consiglio di Amministrazione nella seduta del 27 gennaio 2026<\/h4>\n<hr \/>\n<h4><a href=\"http:\/\/amministrazionetrasparente.uniroma2.it\/wp-content\/uploads\/2025\/03\/ilovepdf_merged-4_compressed-1.pdf\"><strong>Piano Integrato di Attivit\u00e0 e Organizzazione (PIAO) 2025 &#8211; 2027<\/strong><\/a> e <a href=\"http:\/\/Allegati Tecnici - PIAO 2025 2027R.pdf\">Allegati Tecnici<\/a><\/h4>\n<h4>approvato\u00a0 dal Consiglio di Amministrazione nella seduta del 28 gennaio 2025<\/h4>\n<hr \/>\n<h4><a href=\"https:\/\/drive.google.com\/file\/d\/16_bSkTMhKxEbD8Sx-6DFn3XYD5DTuJfx\/view?usp=sharing\"><strong>Piano Integrato di Attivit\u00e0 e Organizzazione (PIAO) 2024 &#8211; 2026<\/strong><\/a><\/h4>\n<h4>approvato\u00a0 dal Consiglio di Amministrazione nella seduta del 30 gennaio 2024<\/h4>\n<hr \/>\n<h4><strong><a href=\"http:\/\/amministrazionetrasparente.uniroma2.it\/wp-content\/uploads\/2023\/03\/PIAO-2023-2025-2.pdf\">Piano Integrato di Attivit\u00e0 e Organizzazione (PIAO) 2023 &#8211; 2025<\/a><\/strong><\/h4>\n<h4>approvato\u00a0 dal Consiglio di Amministrazione nella seduta del 3 febbraio 2023<\/h4>\n<hr \/>\n<h4 style=\"text-align: justify;\"><a href=\"http:\/\/amministrazionetrasparente.uniroma2.it\/wp-content\/uploads\/2022\/09\/PIAO-2022_2024.pdf\"><strong>Piano Integrato di Attivit\u00e0 e Organizzazione (PIAO) 2022-2024<\/strong><\/a><a href=\"http:\/\/amministrazionetrasparente.uniroma2.it\/wp-content\/uploads\/2013\/05\/Piano-integrato-2021-20232.pdf\"><br \/>\n<\/a><\/h4>\n<h4 style=\"text-align: justify;\">approvato\u00a0 dal Consiglio di Amministrazione nella seduta del 26 luglio 2022<\/h4>\n<hr \/>\n<h4 style=\"text-align: justify;\"><a href=\"http:\/\/amministrazionetrasparente.uniroma2.it\/wp-content\/uploads\/2013\/05\/Piano-integrato-2021-20232.pdf\"><strong>Piano Integrato &#8211; Universit\u00e0 degli Studi di Roma &#8220;Tor Vergata&#8221; 2021-2023<\/strong><br \/>\n<\/a><\/h4>\n<h4 style=\"text-align: justify;\">approvato\u00a0 dal\u00a0Consiglio di Amministrazione nella seduta del 21 gennaio 2021<\/h4>\n<hr \/>\n<h4 style=\"text-align: justify;\"><strong><a href=\"http:\/\/amministrazionetrasparente.uniroma2.it\/wp-content\/uploads\/2013\/05\/Piano-integrato-2020_22.pdf\">Piano Integrato &#8211; Universit\u00e0 degli Studi di Roma &#8220;Tor Vergata&#8221; 2020-2022<\/a><\/strong> approvato dal\u00a0Consiglio di Amministrazione nella seduta del 28 gennaio 2020<\/h4>\n<hr \/>\n<h4 style=\"text-align: justify;\"><strong><a href=\"http:\/\/amministrazionetrasparente.uniroma2.it\/wp-content\/uploads\/2013\/05\/Piano-Integrato-2019-21.pdf\">Piano Integrato &#8211; Universit\u00e0 degli Studi di Roma &#8220;Tor Vergata&#8221; 2019-2021<\/a> <\/strong>approvato dal\u00a0Consiglio di Amministrazione nella seduta del 29 gennaio 2019. &#8211; Versione aggiornato dall&#8217;ufficio competente il 3 maggio 2019\u00a0\u00a0per modifiche grafiche dovute al cambiamento dal formato word al formato PDF.<\/h4>\n<hr \/>\n<p><a href=\"http:\/\/amministrazionetrasparente.uniroma2.it\/wp-content\/uploads\/2013\/05\/Piano_Integrato_2019_2021.pdf\"><strong>Piano Integrato &#8211; Universit\u00e0 degli Studi di Roma &#8220;Tor Vergata&#8221; 2019 &#8211; 2021 <\/strong><\/a>approvato dal\u00a0Consiglio di Amministrazione nella seduta del 29 gennaio 2019.<\/p>\n<hr \/>\n<p>Il <strong><a href=\"http:\/\/amministrazionetrasparente.uniroma2.it\/wp-content\/uploads\/2013\/05\/PianoIntegrato16_18_v2018.pdf\">\u201cPiano Integrato 2016 &#8211; 2018 aggiornamento 2018 approvato CDA_organi\u201d<\/a>\u00a0<\/strong>approvato dal Consiglio di Amministrazione nella seduta del 30 gennaio 2018.<\/p>\n<h4 style=\"text-align: justify;\"><em>Il Piano Integrato nasce dalle Linee Guida per la gestione integrata del Ciclo della Performance delle Universit\u00e0 statali italiane, approvate dall\u2019ANVUR il 20 luglio 2015. Esso rappresenta un intervento in materia di ottimizzazione della produttivit\u00e0 del lavoro pubblico, di efficienza e trasparenza delle pubbliche amministrazioni, di sistematizzazione e razionalizzazione del coacervo di provvedimenti normativi che, a partire dal 2005 (L. 43) e pi\u00f9 intensamente dal 2009 (D.Lgs. 150\/2009), sono stati introdotti con la finalit\u00e0 di dotare la pubblica amministrazione di indispensabili strumenti di gestione riconducibili al ciclo di programmazione e controllo dell\u2019attivit\u00e0 amministrativa.\u00a0Il \u201cPiano Integrato 2016 \u2013 2018. Aggiornamento anno 2018\u201d recepisce ed integra quanto definito nei documenti di Programmazione Organizzativa di Ateneo quali: \u201cPiano Strategico 2016 \u2013 2018\u201d, \u201cProgrammazione Triennale 2016 \u2013 2018\u201d, nonch\u00e9 l\u2019Aggiornamento del Piano Triennale di prevenzione della Corruzione 2016 \u2013 2018 (integrato con il Programma della Trasparenza e Integrit\u00e0<\/em>).<\/h4>\n<hr \/>\n<p>Il<strong><a href=\"http:\/\/amministrazionetrasparente.uniroma2.it\/wp-content\/uploads\/2013\/05\/PianoIntegrato16_18_V_6_0-3_ultimo_organi-collegiali.pdf\"> Piano Integrato 2016 -2018. Aggiornamento Anno 2017<\/a><\/strong>\u00a0approvato dal CDA il 31\/01\/2017. <i>Il Piano Integrato nasce dalle Linee Guida per la gestione integrata del Ciclo della Performance delle Universit\u00e0 statali italiane, approvate dall\u2019ANVUR il 20 luglio 2015. Esso rappresenta un intervento, atteso ed auspicato, di sistematizzazione e razionalizzazione del coacervo di provvedimenti normativi che a partire dal 2005 (L. 43) e pi\u00f9 intensamente dal 2009 (D.Lgs. 2009), sono stati introdotti con la finalit\u00e0 di dotare la pubblica amministrazione di indispensabili strumenti di gestione riconducibili al ciclo di programmazione e controllo dell\u2019attivit\u00e0 amministrativa.<\/i><i style=\"font-weight: 300;\">Il \u201cPiano Integrato 2016 \u2013 2018. Aggiornamento anno 2017\u201d recepisce ed integra quanto definito nei documenti di Programmazione Organizzativa di Ateneo quali: \u201cPiano Strategico 2016 \u2013 2018, \u201cProgrammazione Triennale 2016 \u2013 2018\u201d, nonch\u00e9 l\u2019Aggiornamento del Piano Triennale di prevenzione della Corruzione 2016 \u2013 2018 (integrato con il Programma della Trasparenza e Integrit\u00e0).<\/i><\/p>\n<hr \/>\n<h4 style=\"text-align: justify;\">Il<strong><a href=\"http:\/\/amministrazionetrasparente.uniroma2.it\/wp-content\/uploads\/2013\/07\/Piano-Triennale-Prevenzione-Corruzione-2014-2016-16-gennaio-2014.pdf\">\u00a0<\/a>\u00a0<a href=\"http:\/\/amministrazionetrasparente.uniroma2.it\/wp-content\/uploads\/2013\/05\/Piano-Integrato-Tor-Vergata_2016_def.pdf\">Piano Integrato dell&#8217;Universit\u00e0 degli Studi di Roma Tor Vergata 2016-2018,\u00a0<\/a><\/strong> (approvato dal Senato Accademico nella seduta del 19 gennaio 2016 e dal Consiglio di Amministrazione nella seduta del 26 gennaio 2016), redatto secondo le &#8220;Linee Guida per la gestione integrata del Ciclo della Performance delle universit\u00e0 statali italiane&#8221;- Luglio 2015 &#8211; ANVUR. Il Piano Integrato \u00e8 un documento UNICO che sviluppa in chiave sistemica la pianificazione delle attivit\u00e0 amministrative in ordine alla performance, alla trasparenza e all&#8217;anticorruzione.<\/h4>\n<hr \/>\n<p>Il <strong><a href=\"http:\/\/amministrazionetrasparente.uniroma2.it\/wp-content\/uploads\/2013\/05\/Piano_Performance_Tor_Vergata_2015_2017.pdf\">Piano Performance Tor Vergata 2015-2017<\/a><\/strong>\u00a0dell\u2019Universit\u00e0 degli Studi di Roma \u201cTor Vergata\u201d, \u00e8 stato approvato dal Consiglio di Amministrazione nella seduta del 27 gennaio 2015.<\/p>\n<hr \/>\n<p>Il<strong><a href=\"http:\/\/amministrazionetrasparente.uniroma2.it\/wp-content\/uploads\/2013\/07\/Piano-Triennale-Prevenzione-Corruzione-2014-2016-16-gennaio-2014.pdf\">\u00a0<\/a>\u00a0<a href=\"http:\/\/amministrazionetrasparente.uniroma2.it\/wp-content\/uploads\/2013\/05\/Piano-Performance-Tor-Vergata-2014-2016-CDA_new.pdf\">Piano Performance Tor Vergata 2014-2016<\/a><\/strong> dell\u2019Universit\u00e0 degli Studi di Roma \u201cTor Vergata\u201d, \u00e8 stato approvato dal Consiglio di Amministrazione nella seduta del 28 gennaio 2014.<\/p>\n<hr \/>\n<h4 style=\"text-align: justify;\">\u00a0I Piani della Performance degli anni precedenti sono disponibili in <a title=\"Link a sito esterno - La pagina si apre in una nuova finestra\" href=\"http:\/\/amministrazionetrasparente.uniroma2.it\/?page_id=2783 \">Archivio<\/a>.<\/h4>\n","protected":false},"excerpt":{"rendered":"<p>Piano Integrato di Attivit\u00e0 e Organizzazione (PIAO) 2026 &#8211; 2028\u00a0e Allegati Tecnici approvato\u00a0 dal Consiglio di Amministrazione nella seduta del 27 gennaio 2026 Piano Integrato di Attivit\u00e0 e Organizzazione (PIAO) 2025 &#8211; 2027 e Allegati Tecnici approvato\u00a0 dal Consiglio di &hellip; <a href=\"https:\/\/amministrazionetrasparente.uniroma2.it\/?page_id=169\">Continua a leggere<span class=\"meta-nav\">&rarr;<\/span><\/a><\/p>\n","protected":false},"author":1,"featured_media":0,"parent":167,"menu_order":0,"comment_status":"closed","ping_status":"closed","template":"sidebar-page.php","meta":{"footnotes":""},"class_list":["post-169","page","type-page","status-publish","hentry"],"_links":{"self":[{"href":"https:\/\/amministrazionetrasparente.uniroma2.it\/index.php?rest_route=\/wp\/v2\/pages\/169","targetHints":{"allow":["GET"]}}],"collection":[{"href":"https:\/\/amministrazionetrasparente.uniroma2.it\/index.php?rest_route=\/wp\/v2\/pages"}],"about":[{"href":"https:\/\/amministrazionetrasparente.uniroma2.it\/index.php?rest_route=\/wp\/v2\/types\/page"}],"author":[{"embeddable":true,"href":"https:\/\/amministrazionetrasparente.uniroma2.it\/index.php?rest_route=\/wp\/v2\/users\/1"}],"replies":[{"embeddable":true,"href":"https:\/\/amministrazionetrasparente.uniroma2.it\/index.php?rest_route=%2Fwp%2Fv2%2Fcomments&post=169"}],"version-history":[{"count":69,"href":"https:\/\/amministrazionetrasparente.uniroma2.it\/index.php?rest_route=\/wp\/v2\/pages\/169\/revisions"}],"predecessor-version":[{"id":12012,"href":"https:\/\/amministrazionetrasparente.uniroma2.it\/index.php?rest_route=\/wp\/v2\/pages\/169\/revisions\/12012"}],"up":[{"embeddable":true,"href":"https:\/\/amministrazionetrasparente.uniroma2.it\/index.php?rest_route=\/wp\/v2\/pages\/167"}],"wp:attachment":[{"href":"https:\/\/amministrazionetrasparente.uniroma2.it\/index.php?rest_route=%2Fwp%2Fv2%2Fmedia&parent=169"}],"curies":[{"name":"wp","href":"https:\/\/api.w.org\/{rel}","templated":true}]}}