{"id":4395,"date":"2015-12-18T09:22:36","date_gmt":"2015-12-18T08:22:36","guid":{"rendered":"http:\/\/amministrazionetrasparente.uniroma2.it\/?page_id=4395"},"modified":"2015-12-18T09:37:08","modified_gmt":"2015-12-18T08:37:08","slug":"3a-giornata-della-trasparenza-2015","status":"publish","type":"page","link":"https:\/\/amministrazionetrasparente.uniroma2.it\/?page_id=4395","title":{"rendered":"3a Giornata della Trasparenza 2015"},"content":{"rendered":"<p style=\"text-align: center;\"><span style=\"color: #ff0000;\"><strong>Performance di Ateneo<br \/>\n<\/strong><strong>e<br \/>\n<\/strong><strong>Focus sulle Societ\u00e0 Partecipate<\/strong><\/span><\/p>\n<p style=\"text-align: center;\"><span style=\"color: #ff0000;\"><strong>Luned\u00ec 21 Dicembre 2015, ore 9.30<br \/>\n<\/strong><strong>Aula 15 \u2013\u00a0<\/strong><strong>Dipartimento di Giurisprudenza, Via Bernardino Alimena 5<\/strong><\/span><\/p>\n<p><strong>\u00a0<\/strong><em>Ore 8.30 Registrazione dei partecipanti<\/em><\/p>\n<p><em>\u00a0<\/em><strong>Indirizzi di saluto<\/strong><\/p>\n<p><strong><em>Prof. Giuseppe NOVELLI<br \/>\n<\/em><\/strong>Magnifico Rettore dell\u2019Universit\u00e0 degli Studi di Roma \u201cTor Vergata\u201d<\/p>\n<p><strong><em>Prof. Gian Piero MILANO<br \/>\n<\/em><\/strong>Responsabile della Prevenzione della Corruzione dell&#8217;Universit\u00e0 degli Studi di Roma &#8220;Tor Vergata&#8221;<\/p>\n<p>Moderatore<\/p>\n<p><strong><em>Dott.ssa Silvia QUATTROCIOCCHE<br \/>\n<\/em><\/strong>Dirigente Direzione I \u2013 Didattica e Servizi agli Studenti<br \/>\ne Responsabile per la Trasparenza dell\u2019Universit\u00e0 degli Studi di Roma\u00a0\u201cTor Vergata\u201d<\/p>\n<p><strong>Interventi<\/strong><\/p>\n<p><strong>Ore 10.00<br \/>\n<\/strong><strong>Relazione sulla performance 2014 dell&#8217;Universit\u00e0 degli Studi di Roma &#8220;Tor Vergata&#8221;<br \/>\n<\/strong><strong><em>Prof. Giuseppe Francesco IITALIANO<br \/>\n<\/em><\/strong><em>Docente di Sistemi di elaborazione delle informazioni presso il\u00a0Dipartimento di Ingegneria Civile e Ingegneria Informatica dell&#8217;Universit\u00e0 degli Studi di Roma &#8220;Tor Vergata&#8221; e delegato del Rettore per la qualit\u00e0, autovalutazione e performance di Ateneo.<\/em><\/p>\n<p><strong>\u00a0<\/strong><strong>Ore 10.30<br \/>\n<\/strong><strong>Ambito soggettivo e applicazione delle misure di prevenzione della corruzione e di trasparenza ad enti partecipati e controllati<br \/>\n<\/strong><strong><em>Prof. Pietro MASI<br \/>\n<\/em><\/strong><em>Docente di Diritto commerciale presso il Dipartimento di Diritto Privato dell&#8217;Universit\u00e0 degli Studi di Roma &#8220;Tor Vergata&#8221;<\/em><\/p>\n<p><strong>Ore 11.45<br \/>\n<\/strong><strong>Il Decreto Trasparenza n. 33\/2013, con riferimento alle figure pubbliche coinvolte nella didattica e nella ricerca scientifica<br \/>\n<\/strong><strong><em>Dott.ssa\u00a0 Claudia FIGLIOLIA<br \/>\n<\/em><\/strong><strong><em>\u00a0<\/em><\/strong><em>Dottoranda in Diritto Amministrativo, Facolt\u00e0 di Giurisprudenza dell\u2019Universit\u00e0 degli Studi di Roma \u201cTor Vergata\u201d<\/em><\/p>\n<p><strong>Ore 11.00<br \/>\n<\/strong><strong>Trasparenza: luci ed ombre<br \/>\n<\/strong><strong><em>Prof. Luciano Hinna<br \/>\n<\/em><\/strong><em>Gi\u00e0 docente di Economia delle aziende pubbliche e no profit dell&#8217;Universit\u00e0 degli Studi di Roma &#8220;Tor Vergata&#8221; e gi\u00e0 componente CIVIT<\/em><\/p>\n<p><em>\u00a0<\/em><strong>Ore 12.15 \u2013 13.30 \u00a0\u00a0Conclusioni<br \/>\n<\/strong><strong><em>Dott.ssa Silvia QUATTROCIOCCHE \u00a0 \u00a0 \u00a0 \u00a0 \u00a0 \u00a0 \u00a0 \u00a0 \u00a0\u00a0<\/em><\/strong><\/p>\n","protected":false},"excerpt":{"rendered":"<p>Performance di Ateneo e Focus sulle Societ\u00e0 Partecipate Luned\u00ec 21 Dicembre 2015, ore 9.30 Aula 15 \u2013\u00a0Dipartimento di Giurisprudenza, Via Bernardino Alimena 5 \u00a0Ore 8.30 Registrazione dei partecipanti \u00a0Indirizzi di saluto Prof. Giuseppe NOVELLI Magnifico Rettore dell\u2019Universit\u00e0 degli Studi di &hellip; <a href=\"https:\/\/amministrazionetrasparente.uniroma2.it\/?page_id=4395\">Continua a leggere<span class=\"meta-nav\">&rarr;<\/span><\/a><\/p>\n","protected":false},"author":1,"featured_media":0,"parent":2348,"menu_order":0,"comment_status":"closed","ping_status":"closed","template":"sidebar-page.php","meta":{"footnotes":""},"class_list":["post-4395","page","type-page","status-publish","hentry"],"_links":{"self":[{"href":"https:\/\/amministrazionetrasparente.uniroma2.it\/index.php?rest_route=\/wp\/v2\/pages\/4395","targetHints":{"allow":["GET"]}}],"collection":[{"href":"https:\/\/amministrazionetrasparente.uniroma2.it\/index.php?rest_route=\/wp\/v2\/pages"}],"about":[{"href":"https:\/\/amministrazionetrasparente.uniroma2.it\/index.php?rest_route=\/wp\/v2\/types\/page"}],"author":[{"embeddable":true,"href":"https:\/\/amministrazionetrasparente.uniroma2.it\/index.php?rest_route=\/wp\/v2\/users\/1"}],"replies":[{"embeddable":true,"href":"https:\/\/amministrazionetrasparente.uniroma2.it\/index.php?rest_route=%2Fwp%2Fv2%2Fcomments&post=4395"}],"version-history":[{"count":7,"href":"https:\/\/amministrazionetrasparente.uniroma2.it\/index.php?rest_route=\/wp\/v2\/pages\/4395\/revisions"}],"predecessor-version":[{"id":4410,"href":"https:\/\/amministrazionetrasparente.uniroma2.it\/index.php?rest_route=\/wp\/v2\/pages\/4395\/revisions\/4410"}],"up":[{"embeddable":true,"href":"https:\/\/amministrazionetrasparente.uniroma2.it\/index.php?rest_route=\/wp\/v2\/pages\/2348"}],"wp:attachment":[{"href":"https:\/\/amministrazionetrasparente.uniroma2.it\/index.php?rest_route=%2Fwp%2Fv2%2Fmedia&parent=4395"}],"curies":[{"name":"wp","href":"https:\/\/api.w.org\/{rel}","templated":true}]}}