{"id":4890,"date":"2017-01-19T16:40:43","date_gmt":"2017-01-19T15:40:43","guid":{"rendered":"http:\/\/amministrazionetrasparente.uniroma2.it\/?page_id=4890"},"modified":"2025-06-12T09:50:34","modified_gmt":"2025-06-12T07:50:34","slug":"dirigenti-cessati","status":"publish","type":"page","link":"https:\/\/amministrazionetrasparente.uniroma2.it\/?page_id=4890","title":{"rendered":"Dirigenti cessati"},"content":{"rendered":"<p><strong>dott. Giorgio Di Giorgio\u00a0<\/strong><\/p>\n<ul>\n<li style=\"list-style-type: none;\">\n<ul>\n<li><a href=\"http:\/\/amministrazionetrasparente.uniroma2.it\/wp-content\/uploads\/2022\/10\/CV_2021.pdf\">Curriculum vitae<\/a><\/li>\n<li><a href=\"http:\/\/amministrazionetrasparente.uniroma2.it\/wp-content\/uploads\/2013\/05\/CONTRATTO-DOTT.-DI-GIORGIO-GIORGIO.pdf\">Atto di nomina<\/a><\/li>\n<li><strong>Retribuzione<\/strong><br \/>\n<a href=\"http:\/\/amministrazionetrasparente.uniroma2.it\/wp-content\/uploads\/2013\/05\/Retribuzione_Giorgio.pdf\">Retribuzione 2021<\/a><br \/>\n<a href=\"http:\/\/amministrazionetrasparente.uniroma2.it\/wp-content\/uploads\/2013\/05\/digiorgioRAL_new1.pdf\">Retribuzione 2020<\/a><\/li>\n<li><strong>Spese per missioni<\/strong><br \/>\n<a href=\"http:\/\/amministrazionetrasparente.uniroma2.it\/wp-content\/uploads\/2023\/02\/dichiarazione_missioni22.pdf\">Missioni 2022<\/a><\/li>\n<li><strong>Dichiarazioni altre cariche ed incarichi<\/strong><br \/>\n<a href=\"http:\/\/amministrazionetrasparente.uniroma2.it\/wp-content\/uploads\/2023\/02\/altre-cariche-e-incarichi22.pdf\">Cariche e incarichi 2022<\/a><br \/>\n<a href=\"http:\/\/amministrazionetrasparente.uniroma2.it\/wp-content\/uploads\/2022\/10\/Dichiarazione-Altre-cariche-e-incarichi2021.pdf\">Cariche e incarichi 2021<\/a><\/li>\n<li><strong>Dichiarazione di inconferibilit\u00e0 e incompatibilit\u00e0<\/strong><br \/>\n<a href=\"http:\/\/amministrazionetrasparente.uniroma2.it\/wp-content\/uploads\/2023\/02\/inconferibilita_incompatibilita22.pdf\">Inconferibilit\u00e0 e incompatibilit\u00e0 2022<\/a><br \/>\n<a href=\"http:\/\/amministrazionetrasparente.uniroma2.it\/wp-content\/uploads\/2022\/10\/Dichiarazione-Inconferibilita-e-Incompatibilita-2021.pdf\">Inconferibilit\u00e0 e Incompatibilit\u00e0 2021<\/a><br \/>\n<a href=\"http:\/\/amministrazionetrasparente.uniroma2.it\/wp-content\/uploads\/2022\/10\/Di-Giorgio-art-20-anno-2020.pdf\">Inconferibilit\u00e0 e incompatibilit\u00e0 2020<\/a><\/li>\n<\/ul>\n<\/li>\n<\/ul>\n<p>&nbsp;<\/p>\n<p><strong>dott. Giuseppe Colpani &#8211; Direttore Generale\u00a0<\/strong><\/p>\n<p><a href=\"http:\/\/amministrazionetrasparente.uniroma2.it\/?page_id=9057\">Dati relativi all\u2019incarico conferito al<strong>\u00a0<\/strong>Direttore Generale<\/a><\/p>\n<p><strong>dott. Ernesto Nicolai &#8211; Direttore Generale\u00a0<\/strong><\/p>\n<ul>\n<li><a href=\"http:\/\/amministrazionetrasparente.uniroma2.it\/wp-content\/uploads\/2013\/05\/CV_Direttore_Generale-24febb2014.pdf\">curriculum vitae<\/a><em>\u00a0<\/em><\/li>\n<li><a href=\"\/wp-content\/uploads\/2013\/05\/ErnestonicolaiRAL.pdf\">retribuzione<\/a><\/li>\n<li><a href=\"http:\/\/amministrazionetrasparente.uniroma2.it\/wp-content\/uploads\/2013\/05\/Schede-Direttore.pdf\">dichiarazione di inconferibilit\u00e0 e incompatibilit\u00e0 di incarichi<\/a><em>\u00a0<\/em><\/li>\n<\/ul>\n<hr \/>\n<p><strong>dott.ssa\u00a0\u00a0Marina Luciana\u00a0Tesauro &#8211; Dirigente<\/strong><\/p>\n<ul>\n<li><a href=\"http:\/\/amministrazionetrasparente.uniroma2.it\/wp-content\/uploads\/2013\/05\/tesauroCV.pdf\">curriculum vitae<\/a><\/li>\n<li><a href=\"http:\/\/amministrazionetrasparente.uniroma2.it\/wp-content\/uploads\/2013\/05\/tesauroRAL.pdf\">retribuzione<\/a><\/li>\n<\/ul>\n<hr \/>\n<p class=\"entry-title\"><strong>dott.ssa\u00a0 Isa Giovanna Musanti Adriani<\/strong><\/p>\n<ul>\n<li><a href=\"http:\/\/amministrazionetrasparente.uniroma2.it\/wp-content\/uploads\/2022\/10\/CV-Musanti1-pdf-sito.pdf\">Curriculum vitae <\/a><\/li>\n<li><a href=\"http:\/\/amministrazionetrasparente.uniroma2.it\/wp-content\/uploads\/2013\/05\/CONTRATTO-DOTT.SSA-MUSANTI-ADRIANI-ISA-GIOVANNA.pdf\">Atto di nomina<\/a><\/li>\n<li><a href=\"http:\/\/amministrazionetrasparente.uniroma2.it\/wp-content\/uploads\/2013\/05\/musantiRAL_new1.pdf\">Retribuzione (2020)<br \/>\n<\/a><a href=\"http:\/\/amministrazionetrasparente.uniroma2.it\/wp-content\/uploads\/2022\/10\/Retribuzione_Musanti-pdf-sito.pdf\">Retribuzione (2021)<\/a><\/li>\n<li><a href=\"http:\/\/amministrazionetrasparente.uniroma2.it\/wp-content\/uploads\/2022\/11\/Musanti-dichiarazioni1-pdf-sito.pdf\">Dichiarazioni (2020)<\/a><\/li>\n<li><a href=\"http:\/\/amministrazionetrasparente.uniroma2.it\/wp-content\/uploads\/2023\/03\/Musanti_Altre-cariche-e-incarichi-2022-1.pdf\">Dichiarazione -Altre cariche e incarichi(2022)<\/a><\/li>\n<li><a href=\"http:\/\/amministrazionetrasparente.uniroma2.it\/wp-content\/uploads\/2022\/10\/Dichiarazione-Altre-cariche-e-incarichi2021-musanti-pdf-sito.pdf\">Dichiarazione -Altre cariche e incarichi(2021)<\/a><\/li>\n<li><a href=\"http:\/\/amministrazionetrasparente.uniroma2.it\/wp-content\/uploads\/2023\/03\/Musanti_Inconferibilita-2022-1.pdf\">Dichiarazione- Inconferibilit\u00e0 e Incompatibilit\u00e0 (2022)<\/a><\/li>\n<li><a href=\"http:\/\/amministrazionetrasparente.uniroma2.it\/wp-content\/uploads\/2022\/10\/Dichiarazione-Inconferibilita-e-Incompatibilita-2021-musanti-pdf-sito.pdf\">Dichiarazione- Inconferibilit\u00e0 e Incompatibilit\u00e0 (2021)<\/a><\/li>\n<li><a style=\"font-size: 14px;\" href=\"http:\/\/amministrazionetrasparente.uniroma2.it\/wp-content\/uploads\/2023\/03\/Musanti_Missioni-2022-003.pdf\">Missioni- (2022)<\/a><\/li>\n<\/ul>\n<hr \/>\n<p><a href=\"http:\/\/amministrazionetrasparente.uniroma2.it\/wp-content\/uploads\/2013\/05\/direttori-pubblicato-30-aprile-2015.pdf\">Direttori di strutture didattiche, scientifiche e tecniche<\/a>\u00a0in carica fino al 11\/09\/2015<\/p>\n<p>&nbsp;<\/p>\n<p>&nbsp;<\/p>\n","protected":false},"excerpt":{"rendered":"<p>dott. Giorgio Di Giorgio\u00a0 Curriculum vitae Atto di nomina Retribuzione Retribuzione 2021 Retribuzione 2020 Spese per missioni Missioni 2022 Dichiarazioni altre cariche ed incarichi Cariche e incarichi 2022 Cariche e incarichi 2021 Dichiarazione di inconferibilit\u00e0 e incompatibilit\u00e0 Inconferibilit\u00e0 e incompatibilit\u00e0 &hellip; <a href=\"https:\/\/amministrazionetrasparente.uniroma2.it\/?page_id=4890\">Continua a leggere<span class=\"meta-nav\">&rarr;<\/span><\/a><\/p>\n","protected":false},"author":1,"featured_media":0,"parent":156,"menu_order":0,"comment_status":"closed","ping_status":"closed","template":"sidebar-page.php","meta":{"footnotes":""},"class_list":["post-4890","page","type-page","status-publish","hentry"],"_links":{"self":[{"href":"https:\/\/amministrazionetrasparente.uniroma2.it\/index.php?rest_route=\/wp\/v2\/pages\/4890","targetHints":{"allow":["GET"]}}],"collection":[{"href":"https:\/\/amministrazionetrasparente.uniroma2.it\/index.php?rest_route=\/wp\/v2\/pages"}],"about":[{"href":"https:\/\/amministrazionetrasparente.uniroma2.it\/index.php?rest_route=\/wp\/v2\/types\/page"}],"author":[{"embeddable":true,"href":"https:\/\/amministrazionetrasparente.uniroma2.it\/index.php?rest_route=\/wp\/v2\/users\/1"}],"replies":[{"embeddable":true,"href":"https:\/\/amministrazionetrasparente.uniroma2.it\/index.php?rest_route=%2Fwp%2Fv2%2Fcomments&post=4890"}],"version-history":[{"count":16,"href":"https:\/\/amministrazionetrasparente.uniroma2.it\/index.php?rest_route=\/wp\/v2\/pages\/4890\/revisions"}],"predecessor-version":[{"id":11631,"href":"https:\/\/amministrazionetrasparente.uniroma2.it\/index.php?rest_route=\/wp\/v2\/pages\/4890\/revisions\/11631"}],"up":[{"embeddable":true,"href":"https:\/\/amministrazionetrasparente.uniroma2.it\/index.php?rest_route=\/wp\/v2\/pages\/156"}],"wp:attachment":[{"href":"https:\/\/amministrazionetrasparente.uniroma2.it\/index.php?rest_route=%2Fwp%2Fv2%2Fmedia&parent=4890"}],"curies":[{"name":"wp","href":"https:\/\/api.w.org\/{rel}","templated":true}]}}