{"id":6904,"date":"2018-11-29T15:16:18","date_gmt":"2018-11-29T14:16:18","guid":{"rendered":"http:\/\/amministrazionetrasparente.uniroma2.it\/?page_id=6904"},"modified":"2018-12-03T15:27:57","modified_gmt":"2018-12-03T14:27:57","slug":"caris","status":"publish","type":"page","link":"https:\/\/amministrazionetrasparente.uniroma2.it\/?page_id=6904","title":{"rendered":"CARIS"},"content":{"rendered":"<p style=\"text-align: justify;\"><strong>CARIS<\/strong> (Commissione d&#8217;Ateneo per l&#8217;inclusione degli studenti con disabilit\u00e0 e DSA) \u00e8 la struttura di Ateneo che coordina, monitora e supporta tutte le attivit\u00e0 volte a\u00a0favorire l\u2019integrazione nella vita universitaria degli studenti con disabilit\u00e0, con disturbi specifici dell\u2019apprendimento (dislessia, disgrafia, disortografia, discalculia) o difficolt\u00e0 temporanee. L\u2019impegno della Commissione, dal momento della sua costituzione nel gennaio del 2000 ad oggi, si \u00e8 concretizzato in una serie di azioni integrate, mirate al superamento delle barriere tecnologiche e informatiche, di quelle di natura organizzativa e gestionale, nonch\u00e9 all\u2019analisi e alla promozione di interventi tesi al superamento delle barriere architettoniche. L\u2019obiettivo finale \u00e8 quello di contribuire a realizzare un Campus sempre pi\u00f9 \u201camichevole\u201d, accogliente, solidale, che garantisca il diritto allo studio di tutti gli studenti.<\/p>\n<p style=\"text-align: justify;\">Per ulteriori informazioni consultare il <a href=\"http:\/\/caris.uniroma2.it\/\" target=\"_blank\">sito<\/a>.<\/p>\n","protected":false},"excerpt":{"rendered":"<p>CARIS (Commissione d&#8217;Ateneo per l&#8217;inclusione degli studenti con disabilit\u00e0 e DSA) \u00e8 la struttura di Ateneo che coordina, monitora e supporta tutte le attivit\u00e0 volte a\u00a0favorire l\u2019integrazione nella vita universitaria degli studenti con disabilit\u00e0, con disturbi specifici dell\u2019apprendimento (dislessia, disgrafia, &hellip; <a href=\"https:\/\/amministrazionetrasparente.uniroma2.it\/?page_id=6904\">Continua a leggere<span class=\"meta-nav\">&rarr;<\/span><\/a><\/p>\n","protected":false},"author":1,"featured_media":0,"parent":1772,"menu_order":0,"comment_status":"closed","ping_status":"closed","template":"sidebar-page.php","meta":{"footnotes":""},"class_list":["post-6904","page","type-page","status-publish","hentry"],"_links":{"self":[{"href":"https:\/\/amministrazionetrasparente.uniroma2.it\/index.php?rest_route=\/wp\/v2\/pages\/6904","targetHints":{"allow":["GET"]}}],"collection":[{"href":"https:\/\/amministrazionetrasparente.uniroma2.it\/index.php?rest_route=\/wp\/v2\/pages"}],"about":[{"href":"https:\/\/amministrazionetrasparente.uniroma2.it\/index.php?rest_route=\/wp\/v2\/types\/page"}],"author":[{"embeddable":true,"href":"https:\/\/amministrazionetrasparente.uniroma2.it\/index.php?rest_route=\/wp\/v2\/users\/1"}],"replies":[{"embeddable":true,"href":"https:\/\/amministrazionetrasparente.uniroma2.it\/index.php?rest_route=%2Fwp%2Fv2%2Fcomments&post=6904"}],"version-history":[{"count":2,"href":"https:\/\/amministrazionetrasparente.uniroma2.it\/index.php?rest_route=\/wp\/v2\/pages\/6904\/revisions"}],"predecessor-version":[{"id":6930,"href":"https:\/\/amministrazionetrasparente.uniroma2.it\/index.php?rest_route=\/wp\/v2\/pages\/6904\/revisions\/6930"}],"up":[{"embeddable":true,"href":"https:\/\/amministrazionetrasparente.uniroma2.it\/index.php?rest_route=\/wp\/v2\/pages\/1772"}],"wp:attachment":[{"href":"https:\/\/amministrazionetrasparente.uniroma2.it\/index.php?rest_route=%2Fwp%2Fv2%2Fmedia&parent=6904"}],"curies":[{"name":"wp","href":"https:\/\/api.w.org\/{rel}","templated":true}]}}