{"id":6935,"date":"2018-12-03T15:52:03","date_gmt":"2018-12-03T14:52:03","guid":{"rendered":"http:\/\/amministrazionetrasparente.uniroma2.it\/?page_id=6935"},"modified":"2018-12-03T15:52:03","modified_gmt":"2018-12-03T14:52:03","slug":"comitato-unico-di-garanzia-cug","status":"publish","type":"page","link":"https:\/\/amministrazionetrasparente.uniroma2.it\/?page_id=6935","title":{"rendered":"Comitato Unico di Garanzia (CUG)"},"content":{"rendered":"<p>Il Comitato Unico di Garanzia \u00e8 un organo di garanzia che nasce al fine di razionalizzare e semplificare tutte le attivit\u00e0 che mirano al miglioramento dell\u2019ambiente di lavoro e del benessere dei lavoratori, per tutelare la popolazione che frequenta le Pubbliche Amministrazioni. Nel caso specifico delle Universit\u00e0, la funzione del Cug \u00e8 quella di migliorare la qualit\u00e0 dell\u2019ambiente accademico promuovendo iniziative che mirano alla diffusione della conoscenza e alla tutela delle pari opportunit\u00e0 e delle politiche antidiscriminatorie. Il Cug favorisce politiche di conciliazione tra vita privata e lavoro e rappresenta un punto di riferimento per le attivit\u00e0 dell\u2019amministrazione che coincidono con l\u2019ambito delle pari opportunit\u00e0 e dei diritti dei lavoratori. A tal fine svolge attivit\u00e0 di ricerca e fornisce pareri obbligatori, ma non vincolanti all\u2019amministrazione.<\/p>\n<p><a href=\"http:\/\/web.uniroma2.it\/module\/name\/PdnHome\/navpath\/CUG\">Link al sito per ulteriori informazioni<\/a><\/p>\n","protected":false},"excerpt":{"rendered":"<p>Il Comitato Unico di Garanzia \u00e8 un organo di garanzia che nasce al fine di razionalizzare e semplificare tutte le attivit\u00e0 che mirano al miglioramento dell\u2019ambiente di lavoro e del benessere dei lavoratori, per tutelare la popolazione che frequenta le &hellip; <a href=\"https:\/\/amministrazionetrasparente.uniroma2.it\/?page_id=6935\">Continua a leggere<span class=\"meta-nav\">&rarr;<\/span><\/a><\/p>\n","protected":false},"author":1,"featured_media":0,"parent":1772,"menu_order":0,"comment_status":"closed","ping_status":"closed","template":"sidebar-page.php","meta":{"footnotes":""},"class_list":["post-6935","page","type-page","status-publish","hentry"],"_links":{"self":[{"href":"https:\/\/amministrazionetrasparente.uniroma2.it\/index.php?rest_route=\/wp\/v2\/pages\/6935","targetHints":{"allow":["GET"]}}],"collection":[{"href":"https:\/\/amministrazionetrasparente.uniroma2.it\/index.php?rest_route=\/wp\/v2\/pages"}],"about":[{"href":"https:\/\/amministrazionetrasparente.uniroma2.it\/index.php?rest_route=\/wp\/v2\/types\/page"}],"author":[{"embeddable":true,"href":"https:\/\/amministrazionetrasparente.uniroma2.it\/index.php?rest_route=\/wp\/v2\/users\/1"}],"replies":[{"embeddable":true,"href":"https:\/\/amministrazionetrasparente.uniroma2.it\/index.php?rest_route=%2Fwp%2Fv2%2Fcomments&post=6935"}],"version-history":[{"count":1,"href":"https:\/\/amministrazionetrasparente.uniroma2.it\/index.php?rest_route=\/wp\/v2\/pages\/6935\/revisions"}],"predecessor-version":[{"id":6936,"href":"https:\/\/amministrazionetrasparente.uniroma2.it\/index.php?rest_route=\/wp\/v2\/pages\/6935\/revisions\/6936"}],"up":[{"embeddable":true,"href":"https:\/\/amministrazionetrasparente.uniroma2.it\/index.php?rest_route=\/wp\/v2\/pages\/1772"}],"wp:attachment":[{"href":"https:\/\/amministrazionetrasparente.uniroma2.it\/index.php?rest_route=%2Fwp%2Fv2%2Fmedia&parent=6935"}],"curies":[{"name":"wp","href":"https:\/\/api.w.org\/{rel}","templated":true}]}}