{"id":9076,"date":"2021-11-12T12:45:26","date_gmt":"2021-11-12T11:45:26","guid":{"rendered":"http:\/\/amministrazionetrasparente.uniroma2.it\/?page_id=9076"},"modified":"2023-03-07T10:09:09","modified_gmt":"2023-03-07T09:09:09","slug":"dott-ssa-isa-giovanna-musanti-adriana","status":"publish","type":"page","link":"https:\/\/amministrazionetrasparente.uniroma2.it\/?page_id=9076","title":{"rendered":"Dott.ssa Isa Giovanna Musanti Adriani"},"content":{"rendered":"<p><strong>Direzione III \u2013 <\/strong>Stipendi\u00a0 e Bilancio<\/p>\n<hr \/>\n<p><a href=\"http:\/\/amministrazionetrasparente.uniroma2.it\/wp-content\/uploads\/2022\/10\/CV-Musanti1-pdf-sito.pdf\">Curriculum vitae<\/a><\/p>\n<hr \/>\n<p><a href=\"http:\/\/amministrazionetrasparente.uniroma2.it\/wp-content\/uploads\/2013\/05\/CONTRATTO-DOTT.SSA-MUSANTI-ADRIANI-ISA-GIOVANNA.pdf\">Atto di nomina<\/a><\/p>\n<hr \/>\n<p><a href=\"http:\/\/amministrazionetrasparente.uniroma2.it\/wp-content\/uploads\/2013\/05\/musantiRAL_new1.pdf\">Retribuzione (2020)<br \/>\n<\/a><a href=\"http:\/\/amministrazionetrasparente.uniroma2.it\/wp-content\/uploads\/2022\/10\/Retribuzione_Musanti-pdf-sito.pdf\">Retribuzione (2021)<\/a><a href=\"http:\/\/amministrazionetrasparente.uniroma2.it\/wp-content\/uploads\/2013\/05\/musantiRAL_new1.pdf\"><br \/>\n<\/a><\/p>\n<hr \/>\n<h5><a href=\"http:\/\/amministrazionetrasparente.uniroma2.it\/wp-content\/uploads\/2022\/11\/Musanti-dichiarazioni1-pdf-sito.pdf\">Dichiarazioni (2020)<\/a><a href=\"http:\/\/amministrazionetrasparente.uniroma2.it\/wp-content\/uploads\/2013\/05\/Musanti-dichiarazioni1.pdf\"><br \/>\n<\/a><\/h5>\n<h5><\/h5>\n<p>&nbsp;<\/p>\n<h5><a href=\"http:\/\/amministrazionetrasparente.uniroma2.it\/wp-content\/uploads\/2023\/03\/Musanti_Altre-cariche-e-incarichi-2022-1.pdf\">Dichiarazione -Altre cariche e incarichi(2022)<\/a><\/h5>\n<h5><a href=\"http:\/\/amministrazionetrasparente.uniroma2.it\/wp-content\/uploads\/2022\/10\/Dichiarazione-Altre-cariche-e-incarichi2021-musanti-pdf-sito.pdf\">Dichiarazione -Altre cariche e incarichi(2021)<\/a><\/h5>\n<p>&nbsp;<\/p>\n<h5><a href=\"http:\/\/amministrazionetrasparente.uniroma2.it\/wp-content\/uploads\/2023\/03\/Musanti_Inconferibilita-2022-1.pdf\">Dichiarazione- Inconferibilit\u00e0 e Incompatibilit\u00e0 (2022)<\/a><\/h5>\n<h5><a href=\"http:\/\/amministrazionetrasparente.uniroma2.it\/wp-content\/uploads\/2022\/10\/Dichiarazione-Inconferibilita-e-Incompatibilita-2021-musanti-pdf-sito.pdf\">Dichiarazione- Inconferibilit\u00e0 e Incompatibilit\u00e0 (2021)<\/a><\/h5>\n<h5><a href=\"http:\/\/amministrazionetrasparente.uniroma2.it\/wp-content\/uploads\/2013\/05\/Musanti-dichiarazioni1.pdf\">\u00a0<\/a><\/h5>\n<h5><\/h5>\n<h5><a href=\"http:\/\/amministrazionetrasparente.uniroma2.it\/wp-content\/uploads\/2023\/03\/Musanti_Missioni-2022-003.pdf\">Missioni- (2022)<\/a><\/h5>\n<hr \/>\n<p>&nbsp;<\/p>\n","protected":false},"excerpt":{"rendered":"<p>Direzione III \u2013 Stipendi\u00a0 e Bilancio Curriculum vitae Atto di nomina Retribuzione (2020) Retribuzione (2021) Dichiarazioni (2020) &nbsp; Dichiarazione -Altre cariche e incarichi(2022) Dichiarazione -Altre cariche e incarichi(2021) &nbsp; Dichiarazione- Inconferibilit\u00e0 e Incompatibilit\u00e0 (2022) Dichiarazione- Inconferibilit\u00e0 e Incompatibilit\u00e0 (2021) \u00a0 &hellip; <a href=\"https:\/\/amministrazionetrasparente.uniroma2.it\/?page_id=9076\">Continua a leggere<span class=\"meta-nav\">&rarr;<\/span><\/a><\/p>\n","protected":false},"author":1,"featured_media":0,"parent":0,"menu_order":0,"comment_status":"closed","ping_status":"closed","template":"","meta":{"footnotes":""},"class_list":["post-9076","page","type-page","status-publish","hentry"],"_links":{"self":[{"href":"https:\/\/amministrazionetrasparente.uniroma2.it\/index.php?rest_route=\/wp\/v2\/pages\/9076","targetHints":{"allow":["GET"]}}],"collection":[{"href":"https:\/\/amministrazionetrasparente.uniroma2.it\/index.php?rest_route=\/wp\/v2\/pages"}],"about":[{"href":"https:\/\/amministrazionetrasparente.uniroma2.it\/index.php?rest_route=\/wp\/v2\/types\/page"}],"author":[{"embeddable":true,"href":"https:\/\/amministrazionetrasparente.uniroma2.it\/index.php?rest_route=\/wp\/v2\/users\/1"}],"replies":[{"embeddable":true,"href":"https:\/\/amministrazionetrasparente.uniroma2.it\/index.php?rest_route=%2Fwp%2Fv2%2Fcomments&post=9076"}],"version-history":[{"count":14,"href":"https:\/\/amministrazionetrasparente.uniroma2.it\/index.php?rest_route=\/wp\/v2\/pages\/9076\/revisions"}],"predecessor-version":[{"id":10612,"href":"https:\/\/amministrazionetrasparente.uniroma2.it\/index.php?rest_route=\/wp\/v2\/pages\/9076\/revisions\/10612"}],"wp:attachment":[{"href":"https:\/\/amministrazionetrasparente.uniroma2.it\/index.php?rest_route=%2Fwp%2Fv2%2Fmedia&parent=9076"}],"curies":[{"name":"wp","href":"https:\/\/api.w.org\/{rel}","templated":true}]}}