{"id":9225,"date":"2021-12-05T16:54:10","date_gmt":"2021-12-05T15:54:10","guid":{"rendered":"http:\/\/amministrazionetrasparente.uniroma2.it\/?page_id=9225"},"modified":"2024-06-06T09:56:01","modified_gmt":"2024-06-06T07:56:01","slug":"prof-venerando-marano","status":"publish","type":"page","link":"https:\/\/amministrazionetrasparente.uniroma2.it\/?page_id=9225","title":{"rendered":"Prof. Venerando Marano"},"content":{"rendered":"<h1>Direttore del dipartimento di Giurisprudenza<\/h1>\n<h1>(D.R. n. 1199\/2021 &#8211; dal 17.5.2021 al 31.10.2024)<\/h1>\n<p><a href=\"http:\/\/amministrazionetrasparente.uniroma2.it\/wp-content\/uploads\/2024\/06\/CV-Venerando-Marano-1.pdf\"><strong>Curriculum vitae<\/strong><\/a><\/p>\n<p><strong>Spese per missioni<\/strong><br \/>\n<a href=\"http:\/\/amministrazionetrasparente.uniroma2.it\/wp-content\/uploads\/2024\/06\/Missioni-Venerando-Marano-2.pdf\">Missione 2023<\/a><br \/>\n<a href=\"http:\/\/amministrazionetrasparente.uniroma2.it\/wp-content\/uploads\/2022\/10\/Missione.pdf\">Missione 2022<\/a><\/p>\n<p><strong>Dichiarazioni altre cariche ed incarichi<\/strong><br \/>\n<a href=\"http:\/\/amministrazionetrasparente.uniroma2.it\/wp-content\/uploads\/2024\/06\/Dichiarazioni-incarichi-Venerando-Marano-3.pdf\">Incarichi 2023<\/a><strong><br \/>\n<\/strong><a href=\"http:\/\/amministrazionetrasparente.uniroma2.it\/wp-content\/uploads\/2022\/10\/Incarichi.pdf\">Incarichi 2022<\/a><\/p>\n<p><strong>Dichiarazione di inconferibilit\u00e0 e incompatibilit\u00e0<\/strong><br \/>\n<a href=\"http:\/\/amministrazionetrasparente.uniroma2.it\/wp-content\/uploads\/2024\/06\/inconferibilita-e-incompatibilita-Venerando-Marano-1.pdf\">Inconferibilit\u00e0 e incompatibilit\u00e0 2023<\/a><br \/>\n<a href=\"http:\/\/amministrazionetrasparente.uniroma2.it\/wp-content\/uploads\/2022\/10\/Inconferibilita-e-incompatibilita.pdf\">Inconferibilit\u00e0 e incompatibilit\u00e0 2022<\/a><\/p>\n<p>&nbsp;<\/p>\n","protected":false},"excerpt":{"rendered":"<p>Direttore del dipartimento di Giurisprudenza (D.R. n. 1199\/2021 &#8211; dal 17.5.2021 al 31.10.2024) Curriculum vitae Spese per missioni Missione 2023 Missione 2022 Dichiarazioni altre cariche ed incarichi Incarichi 2023 Incarichi 2022 Dichiarazione di inconferibilit\u00e0 e incompatibilit\u00e0 Inconferibilit\u00e0 e incompatibilit\u00e0 2023 &hellip; <a href=\"https:\/\/amministrazionetrasparente.uniroma2.it\/?page_id=9225\">Continua a leggere<span class=\"meta-nav\">&rarr;<\/span><\/a><\/p>\n","protected":false},"author":1,"featured_media":0,"parent":0,"menu_order":0,"comment_status":"closed","ping_status":"closed","template":"","meta":{"footnotes":""},"class_list":["post-9225","page","type-page","status-publish","hentry"],"_links":{"self":[{"href":"https:\/\/amministrazionetrasparente.uniroma2.it\/index.php?rest_route=\/wp\/v2\/pages\/9225","targetHints":{"allow":["GET"]}}],"collection":[{"href":"https:\/\/amministrazionetrasparente.uniroma2.it\/index.php?rest_route=\/wp\/v2\/pages"}],"about":[{"href":"https:\/\/amministrazionetrasparente.uniroma2.it\/index.php?rest_route=\/wp\/v2\/types\/page"}],"author":[{"embeddable":true,"href":"https:\/\/amministrazionetrasparente.uniroma2.it\/index.php?rest_route=\/wp\/v2\/users\/1"}],"replies":[{"embeddable":true,"href":"https:\/\/amministrazionetrasparente.uniroma2.it\/index.php?rest_route=%2Fwp%2Fv2%2Fcomments&post=9225"}],"version-history":[{"count":10,"href":"https:\/\/amministrazionetrasparente.uniroma2.it\/index.php?rest_route=\/wp\/v2\/pages\/9225\/revisions"}],"predecessor-version":[{"id":11194,"href":"https:\/\/amministrazionetrasparente.uniroma2.it\/index.php?rest_route=\/wp\/v2\/pages\/9225\/revisions\/11194"}],"wp:attachment":[{"href":"https:\/\/amministrazionetrasparente.uniroma2.it\/index.php?rest_route=%2Fwp%2Fv2%2Fmedia&parent=9225"}],"curies":[{"name":"wp","href":"https:\/\/api.w.org\/{rel}","templated":true}]}}