{"id":9231,"date":"2021-12-05T17:20:44","date_gmt":"2021-12-05T16:20:44","guid":{"rendered":"http:\/\/amministrazionetrasparente.uniroma2.it\/?page_id=9231"},"modified":"2023-02-28T10:13:05","modified_gmt":"2023-02-28T09:13:05","slug":"prof-gian-carlo-cardarilli","status":"publish","type":"page","link":"https:\/\/amministrazionetrasparente.uniroma2.it\/?page_id=9231","title":{"rendered":"Prof. Gian Carlo Cardarilli"},"content":{"rendered":"<h1>Direttore del dipartimento di Ingegneria Elettronica<\/h1>\n<h1>(D.R. n. 2300\/2021 &#8211; dall\u20191.11.2021 al 31.10.2024)<\/h1>\n<p><a href=\"http:\/\/amministrazionetrasparente.uniroma2.it\/wp-content\/uploads\/2023\/02\/Cardarilli-cv.pdf\"><strong>Curriculum vitae<\/strong><\/a><\/p>\n<p><strong>Spese per missioni<\/strong><br \/>\n<a href=\"http:\/\/amministrazionetrasparente.uniroma2.it\/wp-content\/uploads\/2023\/02\/Cardarilli-Missioni.pdf\">Missioni 2022<\/a><br \/>\n<a href=\"http:\/\/amministrazionetrasparente.uniroma2.it\/wp-content\/uploads\/2022\/10\/2.Cardarilli-Dich.-Missioni.pdf\">Missioni 2021<\/a><\/p>\n<p><strong>Dichiarazioni altre cariche ed incarichi<\/strong><br \/>\n<a href=\"http:\/\/amministrazionetrasparente.uniroma2.it\/wp-content\/uploads\/2023\/02\/Cardarilli-Altre-cariche-e-incarichi.pdf\">Incarichi 2022<\/a><br \/>\n<a href=\"http:\/\/amministrazionetrasparente.uniroma2.it\/wp-content\/uploads\/2022\/10\/3.Cardarilli-Altre-cariche-e-incarichi.pdf\">Incarichi 2021<\/a><\/p>\n<p><strong>Dichiarazione di inconferibilit\u00e0 e incompatibilit\u00e0<\/strong><br \/>\n<a href=\"http:\/\/amministrazionetrasparente.uniroma2.it\/wp-content\/uploads\/2023\/02\/Cardarilli-Inconferibilita-e-incompatibilita.pdf\">Inconferibilit\u00e0 e incompatibilit\u00e0 2022<\/a><br \/>\n<a href=\"http:\/\/amministrazionetrasparente.uniroma2.it\/wp-content\/uploads\/2022\/10\/4.-Cardarilli-InconferibilitA-e-incompatibilitA-.pdf\">Inconferibilit\u00e0 e incompatibilit\u00e0 2021<\/a><\/p>\n<p>&nbsp;<\/p>\n","protected":false},"excerpt":{"rendered":"<p>Direttore del dipartimento di Ingegneria Elettronica (D.R. n. 2300\/2021 &#8211; dall\u20191.11.2021 al 31.10.2024) Curriculum vitae Spese per missioni Missioni 2022 Missioni 2021 Dichiarazioni altre cariche ed incarichi Incarichi 2022 Incarichi 2021 Dichiarazione di inconferibilit\u00e0 e incompatibilit\u00e0 Inconferibilit\u00e0 e incompatibilit\u00e0 2022 &hellip; <a href=\"https:\/\/amministrazionetrasparente.uniroma2.it\/?page_id=9231\">Continua a leggere<span class=\"meta-nav\">&rarr;<\/span><\/a><\/p>\n","protected":false},"author":1,"featured_media":0,"parent":0,"menu_order":0,"comment_status":"closed","ping_status":"closed","template":"","meta":{"footnotes":""},"class_list":["post-9231","page","type-page","status-publish","hentry"],"_links":{"self":[{"href":"https:\/\/amministrazionetrasparente.uniroma2.it\/index.php?rest_route=\/wp\/v2\/pages\/9231","targetHints":{"allow":["GET"]}}],"collection":[{"href":"https:\/\/amministrazionetrasparente.uniroma2.it\/index.php?rest_route=\/wp\/v2\/pages"}],"about":[{"href":"https:\/\/amministrazionetrasparente.uniroma2.it\/index.php?rest_route=\/wp\/v2\/types\/page"}],"author":[{"embeddable":true,"href":"https:\/\/amministrazionetrasparente.uniroma2.it\/index.php?rest_route=\/wp\/v2\/users\/1"}],"replies":[{"embeddable":true,"href":"https:\/\/amministrazionetrasparente.uniroma2.it\/index.php?rest_route=%2Fwp%2Fv2%2Fcomments&post=9231"}],"version-history":[{"count":7,"href":"https:\/\/amministrazionetrasparente.uniroma2.it\/index.php?rest_route=\/wp\/v2\/pages\/9231\/revisions"}],"predecessor-version":[{"id":10578,"href":"https:\/\/amministrazionetrasparente.uniroma2.it\/index.php?rest_route=\/wp\/v2\/pages\/9231\/revisions\/10578"}],"wp:attachment":[{"href":"https:\/\/amministrazionetrasparente.uniroma2.it\/index.php?rest_route=%2Fwp%2Fv2%2Fmedia&parent=9231"}],"curies":[{"name":"wp","href":"https:\/\/api.w.org\/{rel}","templated":true}]}}