{"id":9260,"date":"2021-12-05T17:49:45","date_gmt":"2021-12-05T16:49:45","guid":{"rendered":"http:\/\/amministrazionetrasparente.uniroma2.it\/?page_id=9260"},"modified":"2022-10-18T15:25:43","modified_gmt":"2022-10-18T13:25:43","slug":"prof-pasquale-mazzotta","status":"publish","type":"page","link":"https:\/\/amministrazionetrasparente.uniroma2.it\/?page_id=9260","title":{"rendered":"Prof. Pasquale Mazzotta"},"content":{"rendered":"<h1>Direttore del dipartimento di Fisica<\/h1>\n<h1>(D.R. n. 2288\/2021 &#8211; dall\u20191.11.2021 al 31.10.2024)<\/h1>\n<h1><a href=\"http:\/\/amministrazionetrasparente.uniroma2.it\/wp-content\/uploads\/2022\/10\/Mazzotta-Cv-222222222.pdf\">Curriculum vitae<\/a><\/h1>\n<p><strong>Spese per missioni<br \/>\n<\/strong><a href=\"http:\/\/amministrazionetrasparente.uniroma2.it\/wp-content\/uploads\/2022\/10\/2.Dich_.-Missioni-A-pdf-sito-mazzotta.pdf\">Missioni 2022\u00a0<\/a><\/p>\n<p><strong>Dichiarazioni altre cariche ed incarichi<br \/>\n<\/strong><a href=\"http:\/\/amministrazionetrasparente.uniroma2.it\/wp-content\/uploads\/2022\/10\/3.Altre-cariche-e-incarichi-A-pdf-sito-mazzotta.pdf\">Incarichi 2022<\/a><\/p>\n<p><strong>Dichiarazione di inconferibilit\u00e0 e incompatibilit\u00e0<br \/>\n<\/strong><a href=\"http:\/\/amministrazionetrasparente.uniroma2.it\/wp-content\/uploads\/2022\/10\/4.Inconferibilit-pdf-sito-Mazzotta.pdf\">Inconferibilit\u00e0\u00a0 e incompatibilit\u00e0 2022\u00a0<\/a><\/p>\n","protected":false},"excerpt":{"rendered":"<p>Direttore del dipartimento di Fisica (D.R. n. 2288\/2021 &#8211; dall\u20191.11.2021 al 31.10.2024) Curriculum vitae Spese per missioni Missioni 2022\u00a0 Dichiarazioni altre cariche ed incarichi Incarichi 2022 Dichiarazione di inconferibilit\u00e0 e incompatibilit\u00e0 Inconferibilit\u00e0\u00a0 e incompatibilit\u00e0 2022\u00a0<\/p>\n","protected":false},"author":1,"featured_media":0,"parent":0,"menu_order":0,"comment_status":"closed","ping_status":"closed","template":"","meta":{"footnotes":""},"class_list":["post-9260","page","type-page","status-publish","hentry"],"_links":{"self":[{"href":"https:\/\/amministrazionetrasparente.uniroma2.it\/index.php?rest_route=\/wp\/v2\/pages\/9260","targetHints":{"allow":["GET"]}}],"collection":[{"href":"https:\/\/amministrazionetrasparente.uniroma2.it\/index.php?rest_route=\/wp\/v2\/pages"}],"about":[{"href":"https:\/\/amministrazionetrasparente.uniroma2.it\/index.php?rest_route=\/wp\/v2\/types\/page"}],"author":[{"embeddable":true,"href":"https:\/\/amministrazionetrasparente.uniroma2.it\/index.php?rest_route=\/wp\/v2\/users\/1"}],"replies":[{"embeddable":true,"href":"https:\/\/amministrazionetrasparente.uniroma2.it\/index.php?rest_route=%2Fwp%2Fv2%2Fcomments&post=9260"}],"version-history":[{"count":6,"href":"https:\/\/amministrazionetrasparente.uniroma2.it\/index.php?rest_route=\/wp\/v2\/pages\/9260\/revisions"}],"predecessor-version":[{"id":10260,"href":"https:\/\/amministrazionetrasparente.uniroma2.it\/index.php?rest_route=\/wp\/v2\/pages\/9260\/revisions\/10260"}],"wp:attachment":[{"href":"https:\/\/amministrazionetrasparente.uniroma2.it\/index.php?rest_route=%2Fwp%2Fv2%2Fmedia&parent=9260"}],"curies":[{"name":"wp","href":"https:\/\/api.w.org\/{rel}","templated":true}]}}